{"id":309,"date":"2017-11-09T15:15:05","date_gmt":"2017-11-09T20:15:05","guid":{"rendered":"http:\/\/wp-master-powergo.eliappwordpress1sto.elisys-servers.ca\/?page_id=309"},"modified":"2022-12-14T09:26:37","modified_gmt":"2022-12-14T14:26:37","slug":"motocyclettes","status":"publish","type":"page","link":"https:\/\/hdrimouski.com\/fr\/motocyclettes\/","title":{"rendered":"Motos Harley-Davidson&reg; neuves"},"content":{"rendered":"<p>Vous r\u00eavez de poss\u00e9der une <strong>moto Harley-Davidson\u00ae<\/strong> depuis toujours? Alors visitez-nous sans tarder chez Harley-Davidson Rimouski et venez d\u00e9couvrir notre vaste gamme de <strong>motos neuves<\/strong>.<\/p>\n<div class=\"textMore\">\n<p>Prenez un instant pour vous imaginer sur une moto Harley-Davidson toute neuve, que ce soit une <a href=\"https:\/\/hdrimouski.com\/fr\/motocyclettes\/?fwp_new_make=harley-davidson&amp;fwp_new_type=sport\">moto sport<\/a> ou un <a href=\"https:\/\/hdrimouski.com\/fr\/motocyclettes\/?fwp_new_make=harley-davidson&amp;fwp_new_type=trike\">mod\u00e8le trois roues Trike<\/a>&#8230; Gr\u00e2ce \u00e0 nous, vous \u00e9paterez la galerie \u00e0 coup s\u00fbr lors de vos prochaines escapades sur les routes du Qu\u00e9bec!<\/p>\n<p>Consultez nos <a href=\"https:\/\/hdrimouski.com\/fr\/promotions\/\">promotions<\/a> du moment et trouvez-y une offre ou un rabais qui fera votre affaire!<\/p>\n<p>Pour toute question, <a href=\"https:\/\/hdrimouski.com\/fr\/contact\/\">communiquez avec nos professionnels<\/a>! Ils sauront vous conseiller et vous guider vers le meilleur choix pour vous. En tout temps, passez nous voir en concession chez <strong>Harley-Davidson Rimouski<\/strong>! Nous vous recevrons avec plaisir.<\/p>\n<\/div>\n","protected":false},"excerpt":{"rendered":"<p>Vous r\u00eavez de poss\u00e9der une moto Harley-Davidson\u00ae depuis toujours? Alors visitez-nous sans tarder chez Harley-Davidson Rimouski et venez d\u00e9couvrir notre vaste gamme de motos neuves. Prenez un instant pour vous imaginer sur une moto Harley-Davidson toute neuve, que ce soit une moto sport ou un mod\u00e8le trois roues Trike&#8230; Gr\u00e2ce \u00e0 nous, vous \u00e9paterez la &hellip; <a href=\"https:\/\/hdrimouski.com\/fr\/motocyclettes\/\">Suite<\/a><\/p>\n","protected":false},"author":1,"featured_media":0,"parent":0,"menu_order":0,"comment_status":"closed","ping_status":"closed","template":"template-listing-new-products.php","meta":[],"acf":{"content_featured_type":"","page_arg_new":true,"page_arg_new_category":[{"value":"motorcycle","label":"Motocyclettes"}],"page_arg_new_make":[],"page_arg_instock":false,"page_arg_new_type":false,"new_vehicle_in_stock":false,"new_vehicle_type":"moto","new_vehicle_make":{"value":"harley-davidson","label":"Harley-Davidson&reg;"},"new_vehicle_model":"","new_vehicle_year":"","new_vehicle_price":"","new_vehicle_price_fees_included":false,"new_vehicle_price_discount":"","new_vehicle_colours":"","new_vehicle_specs":false,"new_vehicle_video":"","new_vehicle_description":"","new_vehicle_warranty":"","new_vehicle_images":false,"new_vehicle_brochure":false,"new_vehicle_managed_instock":false,"new_vehicle_instock_make":"Harley-Davidson&reg;","new_vehicle_instock_images":false,"new_vehicle_brochure_url":"","new_vehicle_order":""},"_links":{"self":[{"href":"https:\/\/hdrimouski.com\/fr\/wp-json\/wp\/v2\/pages\/309"}],"collection":[{"href":"https:\/\/hdrimouski.com\/fr\/wp-json\/wp\/v2\/pages"}],"about":[{"href":"https:\/\/hdrimouski.com\/fr\/wp-json\/wp\/v2\/types\/page"}],"author":[{"embeddable":true,"href":"https:\/\/hdrimouski.com\/fr\/wp-json\/wp\/v2\/users\/1"}],"replies":[{"embeddable":true,"href":"https:\/\/hdrimouski.com\/fr\/wp-json\/wp\/v2\/comments?post=309"}],"version-history":[{"count":10,"href":"https:\/\/hdrimouski.com\/fr\/wp-json\/wp\/v2\/pages\/309\/revisions"}],"predecessor-version":[{"id":29454,"href":"https:\/\/hdrimouski.com\/fr\/wp-json\/wp\/v2\/pages\/309\/revisions\/29454"}],"wp:attachment":[{"href":"https:\/\/hdrimouski.com\/fr\/wp-json\/wp\/v2\/media?parent=309"}],"curies":[{"name":"wp","href":"https:\/\/api.w.org\/{rel}","templated":true}]}}